{"id":1019,"date":"2018-12-04T09:31:43","date_gmt":"2018-12-04T08:31:43","guid":{"rendered":"https:\/\/www.agec.it\/cimiteromonumentale\/?page_id=1019"},"modified":"2026-03-31T10:46:25","modified_gmt":"2026-03-31T08:46:25","slug":"info-e-contatti","status":"publish","type":"page","link":"https:\/\/www.agec.it\/cimiteromonumentale\/info-e-contatti\/","title":{"rendered":"Informazioni e contatti"},"content":{"rendered":"<p>[vc_row][vc_column width=&#8221;2\/3&#8243;][vc_gmaps link=&#8221;#E-8_JTNDaWZyYW1lJTIwc3JjJTNEJTIyaHR0cHMlM0ElMkYlMkZ3d3cuZ29vZ2xlLmNvbSUyRm1hcHMlMkZlbWJlZCUzRnBiJTNEJTIxMW0xOCUyMTFtMTIlMjExbTMlMjExZDEzMzE4LjYyNzIwMzcwNjQ1JTIxMmQxMC45OTc5MDUxNTY2MDg4NDQlMjEzZDQ1LjQzMTU4ODMyOTAxMjExNSUyMTJtMyUyMTFmMCUyMTJmMCUyMTNmMCUyMTNtMiUyMTFpMTAyNCUyMTJpNzY4JTIxNGYxMy4xJTIxM20zJTIxMW0yJTIxMXMweDQ3N2Y1ZjNlYjY0MTZjNjklMjUzQTB4MWQ1Y2E1MTU4M2EyYzI1YyUyMTJzUGlhenphbGUlMkJkZWwlMkJDaW1pdGVybyUyNTJDJTJCMzcxMzMlMkJWZXJvbmElMkJWUiUyMTVlMCUyMTNtMiUyMTFzaXQlMjEyc2l0JTIxNHYxNTQ1MzMxMDU3MTQwJTIyJTIwd2lkdGglM0QlMjI2MDAlMjIlMjBoZWlnaHQlM0QlMjI0ODAlMjIlMjBmcmFtZWJvcmRlciUzRCUyMjAlMjIlMjBzdHlsZSUzRCUyMmJvcmRlciUzQTAlMjIlMjBhbGxvd2Z1bGxzY3JlZW4lM0UlM0MlMkZpZnJhbWUlM0U=&#8221; css_animation=&#8221;fadeIn&#8221;][\/vc_column][vc_column width=&#8221;1\/3&#8243;][vc_wp_text title=&#8221;Come arrivare&#8221;]Piazzale del Cimitero, 37133 Verona VR<\/p>\n<p><strong>In auto:<\/strong><br \/>\nL\u2019uscita autostradale pi\u00f9 vicina \u00e8 quella di Verona Est (autostrada A4).<br \/>\nDi fronte al cimitero \u00e8 presente un parcheggio, in alternativa a pochi metri \u00e8 disponibile il <a href=\"https:\/\/www.amt.it\/sosta_auto\/centro\/\">Parcheggio Centro<\/a> a pagamento.<\/p>\n<p><strong>In treno e in autobus:<\/strong><br \/>\nDalla stazione ferroviaria di Verona Porta Nuova \u00e8 possibile raggiungere il cimitero con gli autobus <a href=\"https:\/\/www.atv.verona.it\/Atv_Verona_home_page\">ATV<\/a> numero 11, 12, 13, 30, 51, 52 e 73 (linee feriali) e con gli autobus numero 90, 92, 96, 97 e 98 (linee serali e festive).<br \/>\nIl cimitero dista circa dieci minuti a piedi dalla fermata di Stradone Maffei.[\/vc_wp_text][\/vc_column][\/vc_row][vc_row][vc_column width=&#8221;2\/3&#8243;][vc_custom_heading text=&#8221;Orari&#8221; use_theme_fonts=&#8221;yes&#8221;][vc_column_text]<strong>Periodo invernale<\/strong> (Novembre &#8211; Marzo)<br \/>\ntutti i giorni 08:00 &#8211; 17:30<\/p>\n<p><strong>Periodo estivo<\/strong> (Aprile &#8211; Ottobre)<br \/>\ntutti i giorni 08:00 &#8211; 18:30<\/p>\n<p>Eventuali visite guidate e appuntamenti verranno segnalati nell&#8217;apposita <a href=\"https:\/\/www.agec.it\/cimiteromonumentale\/appuntamenti-e-news\/\">sezione<\/a> del sito.[\/vc_column_text][\/vc_column][vc_column width=&#8221;1\/3&#8243;][vc_custom_heading text=&#8221;Contatti&#8221; use_theme_fonts=&#8221;yes&#8221;][vc_column_text]<strong>Tel.<\/strong>:\u00a0<a href=\"tel:00390458051311\">+39 045 805 1911<\/a><\/p>\n<p><strong>E-mail<\/strong>: <a href=\"mailto:cimiteromonumentaleverona@agec.it\">cimiteromonumentaleverona@agec.it<\/a><\/p>\n<p><a href=\"https:\/\/www.facebook.com\/cimiteromonumentalediverona\" target=\"_blank\" rel=\"noopener\"><img src=\"https:\/\/www.agec.it\/cimiteromonumentale\/facebook-contatti.png\" alt=\"Pagina Facebook Cimitero Monumentale di Verona\" \/><\/a>[\/vc_column_text][\/vc_column][\/vc_row]\n","protected":false},"excerpt":{"rendered":"<p>[vc_row][vc_column width=&#8221;2\/3&#8243;][vc_gmaps link=&#8221;#E-8_JTNDaWZyYW1lJTIwc3JjJTNEJTIyaHR0cHMlM0ElMkYlMkZ3d3cuZ29vZ2xlLmNvbSUyRm1hcHMlMkZlbWJlZCUzRnBiJTNEJTIxMW0xOCUyMTFtMTIlMjExbTMlMjExZDEzMzE4LjYyNzIwMzcwNjQ1JTIxMmQxMC45OTc5MDUxNTY2MDg4NDQlMjEzZDQ1LjQzMTU4ODMyOTAxMjExNSUyMTJtMyUyMTFmMCUyMTJmMCUyMTNmMCUyMTNtMiUyMTFpMTAyNCUyMTJpNzY4JTIxNGYxMy4xJTIxM20zJTIxMW0yJTIxMXMweDQ3N2Y1ZjNlYjY0MTZjNjklMjUzQTB4MWQ1Y2E1MTU4M2EyYzI1YyUyMTJzUGlhenphbGUlMkJkZWwlMkJDaW1pdGVybyUyNTJDJTJCMzcxMzMlMkJWZXJvbmElMkJWUiUyMTVlMCUyMTNtMiUyMTFzaXQlMjEyc2l0JTIxNHYxNTQ1MzMxMDU3MTQwJTIyJTIwd2lkdGglM0QlMjI2MDAlMjIlMjBoZWlnaHQlM0QlMjI0ODAlMjIlMjBmcmFtZWJvcmRlciUzRCUyMjAlMjIlMjBzdHlsZSUzRCUyMmJvcmRlciUzQTAlMjIlMjBhbGxvd2Z1bGxzY3JlZW4lM0UlM0MlMkZpZnJhbWUlM0U=&#8221; css_animation=&#8221;fadeIn&#8221;][\/vc_column][vc_column width=&#8221;1\/3&#8243;][vc_wp_text title=&#8221;Come arrivare&#8221;]Piazzale del Cimitero, 37133 Verona VR In auto: L\u2019uscita autostradale pi\u00f9 vicina \u00e8 quella di Verona Est (autostrada A4). Di fronte al cimitero \u00e8 presente un parcheggio, in alternativa a pochi metri \u00e8 disponibile il Parcheggio Centro a pagamento. In treno e in autobus: Dalla stazione ferroviaria di Verona [&hellip;]<\/p>\n","protected":false},"author":1,"featured_media":0,"parent":0,"menu_order":0,"comment_status":"closed","ping_status":"closed","template":"","meta":{"_links_to":"","_links_to_target":""},"_links":{"self":[{"href":"https:\/\/www.agec.it\/cimiteromonumentale\/wp-json\/wp\/v2\/pages\/1019"}],"collection":[{"href":"https:\/\/www.agec.it\/cimiteromonumentale\/wp-json\/wp\/v2\/pages"}],"about":[{"href":"https:\/\/www.agec.it\/cimiteromonumentale\/wp-json\/wp\/v2\/types\/page"}],"author":[{"embeddable":true,"href":"https:\/\/www.agec.it\/cimiteromonumentale\/wp-json\/wp\/v2\/users\/1"}],"replies":[{"embeddable":true,"href":"https:\/\/www.agec.it\/cimiteromonumentale\/wp-json\/wp\/v2\/comments?post=1019"}],"version-history":[{"count":17,"href":"https:\/\/www.agec.it\/cimiteromonumentale\/wp-json\/wp\/v2\/pages\/1019\/revisions"}],"predecessor-version":[{"id":3734,"href":"https:\/\/www.agec.it\/cimiteromonumentale\/wp-json\/wp\/v2\/pages\/1019\/revisions\/3734"}],"wp:attachment":[{"href":"https:\/\/www.agec.it\/cimiteromonumentale\/wp-json\/wp\/v2\/media?parent=1019"}],"curies":[{"name":"wp","href":"https:\/\/api.w.org\/{rel}","templated":true}]}}